{"id":1261,"date":"2024-11-02T13:57:14","date_gmt":"2024-11-02T13:57:14","guid":{"rendered":"https:\/\/katamaran-sonea.de\/?page_id=1261"},"modified":"2025-12-17T10:49:10","modified_gmt":"2025-12-17T10:49:10","slug":"unsere-partnerfirmen","status":"publish","type":"page","link":"https:\/\/katamaran-sonea.de\/de\/unsere-partnerfirmen\/","title":{"rendered":"Unsere Partnerfirmen"},"content":{"rendered":"\n<div class=\"wp-block-uagb-container uagb-block-25efe059 alignfull uagb-is-root-container\"><div class=\"uagb-container-inner-blocks-wrap\">\n<div class=\"wp-block-uagb-advanced-heading uagb-block-152b2cf8\"><h1 class=\"uagb-heading-text\">Partner<\/h1><\/div>\n<\/div><\/div>\n\n\n\n<div class=\"wp-block-uagb-container uagb-block-mfmufelv alignfull uagb-is-root-container\"><div class=\"uagb-container-inner-blocks-wrap\">\n<div class=\"wp-block-uagb-info-box uagb-block-jmk0haa1 uagb-infobox__content-wrap  uagb-infobox-icon-above-title uagb-infobox-image-valign-top\"><div class=\"uagb-ifb-content\"><div class=\"uagb-ifb-title-wrap\"><span class=\"uagb-ifb-title-prefix\">UNSERE PARTNERFIRMEN<\/span><h2 class=\"uagb-ifb-title\">Gemeinsam zum Erfolg!<\/h2><\/div><p class=\"uagb-ifb-desc\"><strong>Unsere Partnerfirmen \u2013 Gemeinsam erfolgreich wachsen<\/strong><br>Unsere Partnerfirmen spielen eine zentrale Rolle in unserem Erfolg. Wir setzen auf langfristige und vertrauensvolle Kooperationen mit Unternehmen, die unsere Werte teilen und gemeinsam mit uns wachsen m\u00f6chten. Eine starke Partnerschaft basiert auf Qualit\u00e4t, Verl\u00e4sslichkeit und einer offenen Kommunikation.<br>Wir sind stets auf der Suche nach engagierten Firmen, die mit uns spannende Projekte realisieren und von attraktiven Vorteilen profitieren m\u00f6chten. Wenn du nach einem starken Netzwerk und neuen Gesch\u00e4ftsm\u00f6glichkeiten suchst, dann bist du bei uns genau richtig!<\/p><\/div><\/div>\n\n\n\n<div class=\"wp-block-uagb-container uagb-block-8f89c1ba\">\n<h3 class=\"wp-block-heading has-text-align-center\"><strong>Warum eine Partnerschaft mit uns?<\/strong><\/h3>\n\n\n\n<p class=\"has-text-align-center\">Unsere Gesch\u00e4ftspartner genie\u00dfen zahlreiche Vorteile und k\u00f6nnen sich auf eine professionelle Zusammenarbeit verlassen:<br>\u2705 <strong>Nachhaltige Kooperationen:<\/strong> Wir setzen auf langfristige Gesch\u00e4ftsbeziehungen, die echten Mehrwert bieten.<br>\u2705 <strong>Attraktive Konditionen:<\/strong> Reiseb\u00fcros erhalten <strong>10 % Provision<\/strong> auf vermittelte Reisen.<br>\u2705 <strong>Exklusive Vorteile:<\/strong> Zugang zu hochwertigen Segelreisen, Sonderkonditionen und Marketingunterst\u00fctzung.<br>\u2705 <strong>Flexibilit\u00e4t &amp; Wachstum:<\/strong> Wir entwickeln gemeinsam neue M\u00f6glichkeiten, um unser Netzwerk stetig zu erweitern.<\/p>\n\n\n\n<h3 class=\"wp-block-heading has-text-align-center\"><strong>Unsere Partnerfirmen \u2013 Ihre Vorteile im Detail<\/strong><\/h3>\n\n\n\n<p class=\"has-text-align-center\">Eine Zusammenarbeit mit uns er\u00f6ffnet dir v\u00f6llig neue Perspektiven. Als Partner profitierst du nicht nur finanziell, sondern erh\u00e4ltst auch Zugang zu einer starken Community, wertvollen Ressourcen und ma\u00dfgeschneiderter Unterst\u00fctzung.<br>Wir arbeiten mit Reiseb\u00fcros, Eventagenturen, Firmen f\u00fcr Teambuilding-Reisen sowie anderen Unternehmen zusammen, die hochwertige Segelreisen vermitteln m\u00f6chten. Dabei legen wir gro\u00dfen Wert auf gegenseitiges Vertrauen und eine transparente Kommunikation.<br><br><strong>Jetzt Teil unseres Netzwerks werden!<\/strong><br><br>Wenn du Interesse hast, als Partner mit uns zusammenzuarbeiten, freuen wir uns auf deine Kontaktaufnahme! Lass uns gemeinsam eine erfolgreiche Zukunft gestalten und von den zahlreichen Vorteilen einer starken Partnerschaft profitieren.<br><br>\ud83d\udc49 <strong>Jetzt Partner werden &amp; neue M\u00f6glichkeiten entdecken!<\/strong><\/p>\n\n\n\n<div class=\"wp-block-uagb-buttons uagb-buttons__outer-wrap uagb-btn__default-btn uagb-btn-tablet__default-btn uagb-btn-mobile__default-btn uagb-block-897dd00e\"><div class=\"uagb-buttons__wrap uagb-buttons-layout-wrap \">\n<div class=\"wp-block-uagb-buttons-child uagb-buttons__outer-wrap uagb-block-028302e3 wp-block-button\"><div class=\"uagb-button__wrapper\"><a class=\"uagb-buttons-repeater wp-block-button__link\" aria-label=\"\" href=\"kontakt\" rel=\"follow noopener\" target=\"_self\" role=\"button\"><div class=\"uagb-button__link\">&#8212; ZUM KONtaktformular &#8212;<\/div><\/a><\/div><\/div>\n<\/div><\/div>\n<\/div>\n<\/div><\/div>\n\n\n\n<div class=\"wp-block-uagb-container uagb-layout-grid uagb-block-vi74qaz3 alignfull uagb-is-root-container\"><div class=\"uagb-container-inner-blocks-wrap\">\n<div class=\"wp-block-uagb-container uagb-block-g50a6gmd\">\n<div class=\"wp-block-uagb-info-box uagb-block-oeuy0rlp uagb-infobox__content-wrap  uagb-infobox-icon-above-title uagb-infobox-image-valign-top\"><div class=\"uagb-ifb-content\"><div class=\"uagb-ifb-title-wrap\"><p class=\"uagb-ifb-title\">Offizielle Partner:<\/p><\/div><p class=\"uagb-ifb-desc\"> <\/p><\/div><\/div>\n<\/div>\n\n\n\n<div class=\"wp-block-uagb-container uagb-block-c860c01f\">\n<div class=\"wp-block-uagb-image aligncenter uagb-block-ee0e78e5 wp-block-uagb-image--layout-default wp-block-uagb-image--effect-static wp-block-uagb-image--align-center\"><figure class=\"wp-block-uagb-image__figure\"><a class=\"\" href=\"https:\/\/www.gm-sailing.com\/\" target=\"\" rel=\"noopener\"><img decoding=\"async\" srcset=\"https:\/\/katamaran-sonea.de\/wp-content\/uploads\/2024\/12\/Logodaten-neu2-300x139.png ,https:\/\/katamaran-sonea.de\/wp-content\/uploads\/2024\/12\/Logodaten-neu2.png 780w, https:\/\/katamaran-sonea.de\/wp-content\/uploads\/2024\/12\/Logodaten-neu2.png 360w\" sizes=\"auto, (max-width: 480px) 150px\" src=\"https:\/\/katamaran-sonea.de\/wp-content\/uploads\/2024\/12\/Logodaten-neu2-300x139.png\" alt=\"gm-sailing logo\" class=\"uag-image-1572\" width=\"150\" height=\"43\" title=\"gm-sailing logo\" loading=\"lazy\" role=\"img\"\/><\/a><\/figure><\/div>\n\n\n\n<div class=\"wp-block-uagb-info-box uagb-block-af8c7389 uagb-infobox__content-wrap  uagb-infobox-icon-above-title uagb-infobox-image-valign-top\"><div class=\"uagb-ifb-content\"><div class=\"uagb-ifb-title-wrap\"><p class=\"uagb-ifb-title\">Wieser Sailing<\/p><\/div><p class=\"uagb-ifb-desc\">Segelschule<\/p><\/div><\/div>\n<\/div>\n\n\n\n<div class=\"wp-block-uagb-container uagb-block-spoct25f\">\n<div class=\"wp-block-uagb-image aligncenter uagb-block-fbc154a0 wp-block-uagb-image--layout-default wp-block-uagb-image--effect-static wp-block-uagb-image--align-center\"><figure class=\"wp-block-uagb-image__figure\"><a class=\"\" href=\"https:\/\/www.my-sailturn.com\/\" target=\"\" rel=\"noopener\"><img decoding=\"async\" srcset=\"https:\/\/katamaran-sonea.de\/wp-content\/uploads\/2024\/11\/sailturn_nur_logo-1024x847.jpg ,https:\/\/katamaran-sonea.de\/wp-content\/uploads\/2024\/11\/sailturn_nur_logo.jpg 780w, https:\/\/katamaran-sonea.de\/wp-content\/uploads\/2024\/11\/sailturn_nur_logo.jpg 360w\" sizes=\"auto, (max-width: 480px) 150px\" src=\"https:\/\/katamaran-sonea.de\/wp-content\/uploads\/2024\/11\/sailturn_nur_logo-1024x847.jpg\" alt=\"\" class=\"uag-image-1411\" width=\"61\" height=\"50\" title=\"sailturn_nur_logo\" loading=\"lazy\" role=\"img\"\/><\/a><\/figure><\/div>\n\n\n\n<div class=\"wp-block-uagb-info-box uagb-block-ihgoskup uagb-infobox__content-wrap  uagb-infobox-icon-above-title uagb-infobox-image-valign-top\"><div class=\"uagb-ifb-content\"><div class=\"uagb-ifb-title-wrap\"><p class=\"uagb-ifb-title\">My Sailturn<\/p><\/div><p class=\"uagb-ifb-desc\">Reiseb\u00fcro<\/p><\/div><\/div>\n<\/div>\n\n\n\n<div class=\"wp-block-uagb-container uagb-block-ndyyhjbi\">\n<div class=\"wp-block-uagb-image aligncenter uagb-block-iwotrqeo wp-block-uagb-image--layout-default wp-block-uagb-image--effect-static wp-block-uagb-image--align-center\"><figure class=\"wp-block-uagb-image__figure\"><a class=\"\" href=\"https:\/\/sibyer-charter.com\/\" target=\"\" rel=\"noopener\"><img decoding=\"async\" srcset=\"https:\/\/katamaran-sonea.de\/wp-content\/uploads\/2025\/02\/Unbenannt-2.png ,https:\/\/katamaran-sonea.de\/wp-content\/uploads\/2025\/02\/Unbenannt-2.png 780w, https:\/\/katamaran-sonea.de\/wp-content\/uploads\/2025\/02\/Unbenannt-2.png 360w\" sizes=\"auto, (max-width: 480px) 150px\" src=\"https:\/\/katamaran-sonea.de\/wp-content\/uploads\/2025\/02\/Unbenannt-2.png\" alt=\"\" class=\"uag-image-1972\" width=\"105\" height=\"57\" title=\"Unbenannt-2\" loading=\"lazy\" role=\"img\"\/><\/a><\/figure><\/div>\n\n\n\n<div class=\"wp-block-uagb-info-box uagb-block-3591c6ca uagb-infobox__content-wrap  uagb-infobox-icon-above-title uagb-infobox-image-valign-top\"><div class=\"uagb-ifb-content\"><div class=\"uagb-ifb-title-wrap\"><p class=\"uagb-ifb-title\">SIByER<\/p><\/div><p class=\"uagb-ifb-desc\">Segelreisen<\/p><\/div><\/div>\n<\/div>\n<\/div><\/div>\n\n\n\n<div class=\"wp-block-uagb-container uagb-layout-grid uagb-block-aea9aff8 alignfull uagb-is-root-container\"><div class=\"uagb-container-inner-blocks-wrap\">\n<div class=\"wp-block-uagb-container uagb-block-9f389e2d\">\n<a href=\"https:\/\/booking-manager.com\/en\/silver-partner-details\/p\/partnerid-7912\/Sonea%20Catamaran%20Charter.html\"><img decoding=\"async\" border=\"0\" title=\"Booking Manager Silver Partner\" src=\"https:\/\/booking-manager.com\/resources\/silver-partner\/sp_7912.png\"width=\"150\" ><\/a>\n\n\n\n<div class=\"wp-block-uagb-info-box uagb-block-4d904269 uagb-infobox__content-wrap  uagb-infobox-icon-above-title uagb-infobox-image-valign-top\"><div class=\"uagb-ifb-content\"><div class=\"uagb-ifb-title-wrap\"><p class=\"uagb-ifb-title\">MMK<\/p><\/div><p class=\"uagb-ifb-desc\">Buchungsportal<\/p><\/div><\/div>\n<\/div>\n<\/div><\/div>\n","protected":false},"excerpt":{"rendered":"<p>Partner Warum eine Partnerschaft mit uns? Unsere Gesch\u00e4ftspartner genie\u00dfen zahlreiche Vorteile und k\u00f6nnen sich auf eine professionelle Zusammenarbeit verlassen:\u2705 Nachhaltige Kooperationen: Wir setzen auf langfristige Gesch\u00e4ftsbeziehungen, die echten Mehrwert bieten.\u2705 Attraktive Konditionen: Reiseb\u00fcros erhalten 10 % Provision auf vermittelte Reisen.\u2705 Exklusive Vorteile: Zugang zu hochwertigen Segelreisen, Sonderkonditionen und Marketingunterst\u00fctzung.\u2705 Flexibilit\u00e4t &amp; Wachstum: Wir entwickeln gemeinsam [&hellip;]<\/p>\n","protected":false},"author":1,"featured_media":0,"parent":0,"menu_order":0,"comment_status":"closed","ping_status":"closed","template":"","meta":{"_uag_custom_page_level_css":"","site-sidebar-layout":"no-sidebar","site-content-layout":"plain-container","ast-site-content-layout":"full-width-container","site-content-style":"unboxed","site-sidebar-style":"unboxed","ast-global-header-display":"","ast-banner-title-visibility":"","ast-main-header-display":"","ast-hfb-above-header-display":"","ast-hfb-below-header-display":"","ast-hfb-mobile-header-display":"","site-post-title":"disabled","ast-breadcrumbs-content":"","ast-featured-img":"disabled","footer-sml-layout":"","theme-transparent-header-meta":"enabled","adv-header-id-meta":"","stick-header-meta":"","header-above-stick-meta":"","header-main-stick-meta":"","header-below-stick-meta":"","astra-migrate-meta-layouts":"set","ast-page-background-enabled":"default","ast-page-background-meta":{"desktop":{"background-color":"","background-image":"","background-repeat":"repeat","background-position":"center center","background-size":"auto","background-attachment":"scroll","background-type":"","background-media":"","overlay-type":"","overlay-color":"","overlay-opacity":"","overlay-gradient":""},"tablet":{"background-color":"","background-image":"","background-repeat":"repeat","background-position":"center center","background-size":"auto","background-attachment":"scroll","background-type":"","background-media":"","overlay-type":"","overlay-color":"","overlay-opacity":"","overlay-gradient":""},"mobile":{"background-color":"","background-image":"","background-repeat":"repeat","background-position":"center center","background-size":"auto","background-attachment":"scroll","background-type":"","background-media":"","overlay-type":"","overlay-color":"","overlay-opacity":"","overlay-gradient":""}},"ast-content-background-meta":{"desktop":{"background-color":"var(--ast-global-color-5)","background-image":"","background-repeat":"repeat","background-position":"center center","background-size":"auto","background-attachment":"scroll","background-type":"","background-media":"","overlay-type":"","overlay-color":"","overlay-opacity":"","overlay-gradient":""},"tablet":{"background-color":"var(--ast-global-color-5)","background-image":"","background-repeat":"repeat","background-position":"center center","background-size":"auto","background-attachment":"scroll","background-type":"","background-media":"","overlay-type":"","overlay-color":"","overlay-opacity":"","overlay-gradient":""},"mobile":{"background-color":"var(--ast-global-color-5)","background-image":"","background-repeat":"repeat","background-position":"center center","background-size":"auto","background-attachment":"scroll","background-type":"","background-media":"","overlay-type":"","overlay-color":"","overlay-opacity":"","overlay-gradient":""}},"footnotes":""},"class_list":["post-1261","page","type-page","status-publish","hentry"],"yoast_head":"<!-- This site is optimized with the Yoast SEO plugin v25.7 - https:\/\/yoast.com\/wordpress\/plugins\/seo\/ -->\n<title>Unsere Partnerfirmen - sonea<\/title>\n<meta name=\"description\" content=\"Wir suchen zuverl\u00e4ssige und engagierte Partnerfirmen, mit denen wir eine langfristige und erfolgreiche Zusammenarbeit aufbauen k\u00f6nnen.\" \/>\n<meta name=\"robots\" content=\"index, follow, max-snippet:-1, max-image-preview:large, max-video-preview:-1\" \/>\n<link rel=\"canonical\" href=\"https:\/\/katamaran-sonea.de\/de\/unsere-partnerfirmen\/\" \/>\n<meta property=\"og:locale\" content=\"de_DE\" \/>\n<meta property=\"og:type\" content=\"article\" \/>\n<meta property=\"og:title\" content=\"Unsere Partnerfirmen - sonea\" \/>\n<meta property=\"og:description\" content=\"Wir suchen zuverl\u00e4ssige und engagierte Partnerfirmen, mit denen wir eine langfristige und erfolgreiche Zusammenarbeit aufbauen k\u00f6nnen.\" \/>\n<meta property=\"og:url\" content=\"https:\/\/katamaran-sonea.de\/de\/unsere-partnerfirmen\/\" \/>\n<meta property=\"og:site_name\" content=\"sonea\" \/>\n<meta property=\"article:modified_time\" content=\"2025-12-17T10:49:10+00:00\" \/>\n<meta property=\"og:image\" content=\"https:\/\/katamaran-sonea.de\/wp-content\/uploads\/2024\/12\/Logodaten-neu2-300x139.png\" \/>\n<meta name=\"twitter:card\" content=\"summary_large_image\" \/>\n<meta name=\"twitter:label1\" content=\"Gesch\u00e4tzte Lesezeit\" \/>\n\t<meta name=\"twitter:data1\" content=\"3 Minuten\" \/>\n<script type=\"application\/ld+json\" class=\"yoast-schema-graph\">{\"@context\":\"https:\/\/schema.org\",\"@graph\":[{\"@type\":\"WebPage\",\"@id\":\"https:\/\/katamaran-sonea.de\/unsere-partnerfirmen\/\",\"url\":\"https:\/\/katamaran-sonea.de\/unsere-partnerfirmen\/\",\"name\":\"Unsere Partnerfirmen - sonea\",\"isPartOf\":{\"@id\":\"https:\/\/katamaran-sonea.de\/#website\"},\"primaryImageOfPage\":{\"@id\":\"https:\/\/katamaran-sonea.de\/unsere-partnerfirmen\/#primaryimage\"},\"image\":{\"@id\":\"https:\/\/katamaran-sonea.de\/unsere-partnerfirmen\/#primaryimage\"},\"thumbnailUrl\":\"https:\/\/katamaran-sonea.de\/wp-content\/uploads\/2024\/12\/Logodaten-neu2-300x139.png\",\"datePublished\":\"2024-11-02T13:57:14+00:00\",\"dateModified\":\"2025-12-17T10:49:10+00:00\",\"description\":\"Wir suchen zuverl\u00e4ssige und engagierte Partnerfirmen, mit denen wir eine langfristige und erfolgreiche Zusammenarbeit aufbauen k\u00f6nnen.\",\"breadcrumb\":{\"@id\":\"https:\/\/katamaran-sonea.de\/unsere-partnerfirmen\/#breadcrumb\"},\"inLanguage\":\"de-AT\",\"potentialAction\":[{\"@type\":\"ReadAction\",\"target\":[\"https:\/\/katamaran-sonea.de\/unsere-partnerfirmen\/\"]}]},{\"@type\":\"ImageObject\",\"inLanguage\":\"de-AT\",\"@id\":\"https:\/\/katamaran-sonea.de\/unsere-partnerfirmen\/#primaryimage\",\"url\":\"https:\/\/katamaran-sonea.de\/wp-content\/uploads\/2024\/12\/Logodaten-neu2-300x139.png\",\"contentUrl\":\"https:\/\/katamaran-sonea.de\/wp-content\/uploads\/2024\/12\/Logodaten-neu2-300x139.png\"},{\"@type\":\"BreadcrumbList\",\"@id\":\"https:\/\/katamaran-sonea.de\/unsere-partnerfirmen\/#breadcrumb\",\"itemListElement\":[{\"@type\":\"ListItem\",\"position\":1,\"name\":\"Startseite\",\"item\":\"https:\/\/katamaran-sonea.de\/\"},{\"@type\":\"ListItem\",\"position\":2,\"name\":\"Unsere Partnerfirmen\"}]},{\"@type\":\"WebSite\",\"@id\":\"https:\/\/katamaran-sonea.de\/#website\",\"url\":\"https:\/\/katamaran-sonea.de\/\",\"name\":\"Sonea\",\"description\":\"\",\"publisher\":{\"@id\":\"https:\/\/katamaran-sonea.de\/#organization\"},\"potentialAction\":[{\"@type\":\"SearchAction\",\"target\":{\"@type\":\"EntryPoint\",\"urlTemplate\":\"https:\/\/katamaran-sonea.de\/?s={search_term_string}\"},\"query-input\":{\"@type\":\"PropertyValueSpecification\",\"valueRequired\":true,\"valueName\":\"search_term_string\"}}],\"inLanguage\":\"de-AT\"},{\"@type\":\"Organization\",\"@id\":\"https:\/\/katamaran-sonea.de\/#organization\",\"name\":\"Sonea\",\"url\":\"https:\/\/katamaran-sonea.de\/\",\"logo\":{\"@type\":\"ImageObject\",\"inLanguage\":\"de-AT\",\"@id\":\"https:\/\/katamaran-sonea.de\/#\/schema\/logo\/image\/\",\"url\":\"https:\/\/katamaran-sonea.de\/wp-content\/uploads\/2025\/03\/SONEA-Logo_einzeilig_weisse-Segel_Sub-black_final.svg\",\"contentUrl\":\"https:\/\/katamaran-sonea.de\/wp-content\/uploads\/2025\/03\/SONEA-Logo_einzeilig_weisse-Segel_Sub-black_final.svg\",\"caption\":\"Sonea\"},\"image\":{\"@id\":\"https:\/\/katamaran-sonea.de\/#\/schema\/logo\/image\/\"},\"sameAs\":[\"https:\/\/www.instagram.com\/mysailturn\/\"]}]}<\/script>\n<!-- \/ Yoast SEO plugin. -->","yoast_head_json":{"title":"Unsere Partnerfirmen - sonea","description":"Wir suchen zuverl\u00e4ssige und engagierte Partnerfirmen, mit denen wir eine langfristige und erfolgreiche Zusammenarbeit aufbauen k\u00f6nnen.","robots":{"index":"index","follow":"follow","max-snippet":"max-snippet:-1","max-image-preview":"max-image-preview:large","max-video-preview":"max-video-preview:-1"},"canonical":"https:\/\/katamaran-sonea.de\/de\/unsere-partnerfirmen\/","og_locale":"de_DE","og_type":"article","og_title":"Unsere Partnerfirmen - sonea","og_description":"Wir suchen zuverl\u00e4ssige und engagierte Partnerfirmen, mit denen wir eine langfristige und erfolgreiche Zusammenarbeit aufbauen k\u00f6nnen.","og_url":"https:\/\/katamaran-sonea.de\/de\/unsere-partnerfirmen\/","og_site_name":"sonea","article_modified_time":"2025-12-17T10:49:10+00:00","og_image":[{"url":"https:\/\/katamaran-sonea.de\/wp-content\/uploads\/2024\/12\/Logodaten-neu2-300x139.png","type":"","width":"","height":""}],"twitter_card":"summary_large_image","twitter_misc":{"Gesch\u00e4tzte Lesezeit":"3 Minuten"},"schema":{"@context":"https:\/\/schema.org","@graph":[{"@type":"WebPage","@id":"https:\/\/katamaran-sonea.de\/unsere-partnerfirmen\/","url":"https:\/\/katamaran-sonea.de\/unsere-partnerfirmen\/","name":"Unsere Partnerfirmen - sonea","isPartOf":{"@id":"https:\/\/katamaran-sonea.de\/#website"},"primaryImageOfPage":{"@id":"https:\/\/katamaran-sonea.de\/unsere-partnerfirmen\/#primaryimage"},"image":{"@id":"https:\/\/katamaran-sonea.de\/unsere-partnerfirmen\/#primaryimage"},"thumbnailUrl":"https:\/\/katamaran-sonea.de\/wp-content\/uploads\/2024\/12\/Logodaten-neu2-300x139.png","datePublished":"2024-11-02T13:57:14+00:00","dateModified":"2025-12-17T10:49:10+00:00","description":"Wir suchen zuverl\u00e4ssige und engagierte Partnerfirmen, mit denen wir eine langfristige und erfolgreiche Zusammenarbeit aufbauen k\u00f6nnen.","breadcrumb":{"@id":"https:\/\/katamaran-sonea.de\/unsere-partnerfirmen\/#breadcrumb"},"inLanguage":"de-AT","potentialAction":[{"@type":"ReadAction","target":["https:\/\/katamaran-sonea.de\/unsere-partnerfirmen\/"]}]},{"@type":"ImageObject","inLanguage":"de-AT","@id":"https:\/\/katamaran-sonea.de\/unsere-partnerfirmen\/#primaryimage","url":"https:\/\/katamaran-sonea.de\/wp-content\/uploads\/2024\/12\/Logodaten-neu2-300x139.png","contentUrl":"https:\/\/katamaran-sonea.de\/wp-content\/uploads\/2024\/12\/Logodaten-neu2-300x139.png"},{"@type":"BreadcrumbList","@id":"https:\/\/katamaran-sonea.de\/unsere-partnerfirmen\/#breadcrumb","itemListElement":[{"@type":"ListItem","position":1,"name":"Startseite","item":"https:\/\/katamaran-sonea.de\/"},{"@type":"ListItem","position":2,"name":"Unsere Partnerfirmen"}]},{"@type":"WebSite","@id":"https:\/\/katamaran-sonea.de\/#website","url":"https:\/\/katamaran-sonea.de\/","name":"Sonea","description":"","publisher":{"@id":"https:\/\/katamaran-sonea.de\/#organization"},"potentialAction":[{"@type":"SearchAction","target":{"@type":"EntryPoint","urlTemplate":"https:\/\/katamaran-sonea.de\/?s={search_term_string}"},"query-input":{"@type":"PropertyValueSpecification","valueRequired":true,"valueName":"search_term_string"}}],"inLanguage":"de-AT"},{"@type":"Organization","@id":"https:\/\/katamaran-sonea.de\/#organization","name":"Sonea","url":"https:\/\/katamaran-sonea.de\/","logo":{"@type":"ImageObject","inLanguage":"de-AT","@id":"https:\/\/katamaran-sonea.de\/#\/schema\/logo\/image\/","url":"https:\/\/katamaran-sonea.de\/wp-content\/uploads\/2025\/03\/SONEA-Logo_einzeilig_weisse-Segel_Sub-black_final.svg","contentUrl":"https:\/\/katamaran-sonea.de\/wp-content\/uploads\/2025\/03\/SONEA-Logo_einzeilig_weisse-Segel_Sub-black_final.svg","caption":"Sonea"},"image":{"@id":"https:\/\/katamaran-sonea.de\/#\/schema\/logo\/image\/"},"sameAs":["https:\/\/www.instagram.com\/mysailturn\/"]}]}},"uagb_featured_image_src":{"full":false,"thumbnail":false,"medium":false,"medium_large":false,"large":false,"1536x1536":false,"2048x2048":false,"trp-custom-language-flag":false},"uagb_author_info":{"display_name":"Andreas","author_link":"https:\/\/katamaran-sonea.de\/de\/author\/andreas\/"},"uagb_comment_info":0,"uagb_excerpt":"Partner Warum eine Partnerschaft mit uns? Unsere Gesch\u00e4ftspartner genie\u00dfen zahlreiche Vorteile und k\u00f6nnen sich auf eine professionelle Zusammenarbeit verlassen:\u2705 Nachhaltige Kooperationen: Wir setzen auf langfristige Gesch\u00e4ftsbeziehungen, die echten Mehrwert bieten.\u2705 Attraktive Konditionen: Reiseb\u00fcros erhalten 10 % Provision auf vermittelte Reisen.\u2705 Exklusive Vorteile: Zugang zu hochwertigen Segelreisen, Sonderkonditionen und Marketingunterst\u00fctzung.\u2705 Flexibilit\u00e4t &amp; Wachstum: Wir entwickeln gemeinsam&hellip;","_links":{"self":[{"href":"https:\/\/katamaran-sonea.de\/de\/wp-json\/wp\/v2\/pages\/1261","targetHints":{"allow":["GET"]}}],"collection":[{"href":"https:\/\/katamaran-sonea.de\/de\/wp-json\/wp\/v2\/pages"}],"about":[{"href":"https:\/\/katamaran-sonea.de\/de\/wp-json\/wp\/v2\/types\/page"}],"author":[{"embeddable":true,"href":"https:\/\/katamaran-sonea.de\/de\/wp-json\/wp\/v2\/users\/1"}],"replies":[{"embeddable":true,"href":"https:\/\/katamaran-sonea.de\/de\/wp-json\/wp\/v2\/comments?post=1261"}],"version-history":[{"count":30,"href":"https:\/\/katamaran-sonea.de\/de\/wp-json\/wp\/v2\/pages\/1261\/revisions"}],"predecessor-version":[{"id":2427,"href":"https:\/\/katamaran-sonea.de\/de\/wp-json\/wp\/v2\/pages\/1261\/revisions\/2427"}],"wp:attachment":[{"href":"https:\/\/katamaran-sonea.de\/de\/wp-json\/wp\/v2\/media?parent=1261"}],"curies":[{"name":"wp","href":"https:\/\/api.w.org\/{rel}","templated":true}]}}