{"id":1265,"date":"2024-11-02T14:00:07","date_gmt":"2024-11-02T14:00:07","guid":{"rendered":"https:\/\/katamaran-sonea.de\/?page_id=1265"},"modified":"2025-12-22T09:42:05","modified_gmt":"2025-12-22T09:42:05","slug":"gutschein","status":"publish","type":"page","link":"https:\/\/katamaran-sonea.de\/de\/gutschein\/","title":{"rendered":"Gutschein"},"content":{"rendered":"\n<div class=\"wp-block-uagb-container uagb-block-25efe059 alignfull uagb-is-root-container\"><div class=\"uagb-container-inner-blocks-wrap\">\n<div class=\"wp-block-uagb-advanced-heading uagb-block-152b2cf8\"><h1 class=\"uagb-heading-text\">Gutschein<\/h1><\/div>\n<\/div><\/div>\n\n\n\n<div class=\"wp-block-uagb-container uagb-block-mfmufelv alignfull uagb-is-root-container\"><div class=\"uagb-container-inner-blocks-wrap\">\n<div class=\"wp-block-uagb-advanced-heading uagb-block-8865b674\"><h2 class=\"uagb-heading-text\"> Verschenke ein St\u00fcck Meer<\/h2><\/div>\n\n\n\n<p class=\"has-text-align-center\">Verschenke unvergessliche Erlebnisse mit einem Gutschein f\u00fcr eine Reise mit garantiertem Meerblick! \ud83c\udf0a\u2728<br><br>Du suchst nach einem besonderen Geschenk, das wirklich au\u00dfergew\u00f6hnlich ist? Ein Gutschein f\u00fcr eine Segelreise oder das Chartern einer Yacht ist die perfekte Wahl f\u00fcr alle, die das Meer lieben, Abenteuer erleben oder einfach nur die Seele baumeln lassen m\u00f6chten.<br><br>Egal, ob du einem passionierten Segler eine Freude machen oder jemanden \u00fcberraschen m\u00f6chtest, der noch nie auf einem Segelboot war \u2013 mit diesem Gutschein schenkst du nicht nur eine Reise, sondern einzigartige Erlebnisse auf dem Wasser. Ob ein romantischer Segelt\u00f6rn f\u00fcr zwei, eine aufregende Gruppenreise oder sogar das Chartern einer eigenen Yacht f\u00fcr ein ganz privates Abenteuer \u2013 alles ist m\u00f6glich!<\/p>\n\n\n\n<h3 class=\"wp-block-heading has-text-align-center\">Warum ein Reise-Gutschein die perfekte Geschenkidee ist<\/h3>\n\n\n\n<p class=\"has-text-align-center\"><strong>Einzigartig &amp; individuell<\/strong> \u2013 Kein gew\u00f6hnliches Geschenk, sondern eine Erfahrung f\u00fcrs Leben.<br><strong>Garantierte 7 Tage Meerblick<\/strong> \u2013 Genie\u00dfe eine Woche voller beeindruckender Ausblicke auf das offene Meer.<br> <strong>Flexibel einl\u00f6sbar<\/strong> \u2013 Ob Segelreise oder Yacht-Charter, der Gutschein kann vielseitig genutzt werden.<br> <strong>Perfekt f\u00fcr Abenteurer &amp; Genie\u00dfer<\/strong> \u2013 Segeln lernen, traumhafte K\u00fcsten entdecken oder einfach entspannen.<br><strong>Auch f\u00fcr Yacht-Charter einsetzbar<\/strong> \u2013 Erlebe das Meer in exklusiver Privatsph\u00e4re auf einer gecharterten Yacht.<br><strong>Erinnerungen f\u00fcr die Ewigkeit<\/strong> \u2013 Sonnenaufg\u00e4nge auf dem Wasser, sternenklare N\u00e4chte und pure Freiheit.<br><br>Ob als Hochzeitsgeschenk, Geburtstags\u00fcberraschung oder als Dankesch\u00f6n \u2013 dieser Gutschein bringt die Augen jedes Beschenkten zum Leuchten.<br><br>Stell dir vor, wie der Beschenkte die Segel setzt, das Rauschen der Wellen h\u00f6rt und die frische Meeresbrise sp\u00fcrt \u2013 ein Erlebnis, das kein anderes Geschenk bieten kann.<br><br> <strong>Interesse? Schreib uns \u2013 wir beraten dich gerne!<\/strong><br><\/p>\n\n\n\n<div class=\"wp-block-uagb-buttons uagb-buttons__outer-wrap uagb-btn__default-btn uagb-btn-tablet__default-btn uagb-btn-mobile__default-btn uagb-block-2660afee\"><div class=\"uagb-buttons__wrap uagb-buttons-layout-wrap \">\n<div class=\"wp-block-uagb-buttons-child uagb-buttons__outer-wrap uagb-block-6a7038d9 wp-block-button\"><div class=\"uagb-button__wrapper\"><a class=\"uagb-buttons-repeater wp-block-button__link\" aria-label=\"\" href=\"kontakt\" rel=\"follow noopener\" target=\"_self\" role=\"button\"><div class=\"uagb-button__link\">&#8212; zum Kontaktformular &#8212;<\/div><\/a><\/div><\/div>\n<\/div><\/div>\n<\/div><\/div>\n\n\n\n<div class=\"wp-block-uagb-container uagb-block-df619df5 alignfull uagb-is-root-container\"><div class=\"uagb-container-inner-blocks-wrap\">\n<div class=\"wp-block-uagb-image uagb-block-395d1461 wp-block-uagb-image--layout-default wp-block-uagb-image--effect-static wp-block-uagb-image--align-none\"><figure class=\"wp-block-uagb-image__figure\"><img decoding=\"async\" srcset=\"https:\/\/katamaran-sonea.de\/wp-content\/uploads\/2024\/11\/Screenshot-2024-11-24-105910.jpg ,https:\/\/katamaran-sonea.de\/wp-content\/uploads\/2024\/11\/Screenshot-2024-11-24-105910.jpg 780w, https:\/\/katamaran-sonea.de\/wp-content\/uploads\/2024\/11\/Screenshot-2024-11-24-105910.jpg 360w\" sizes=\"auto, (max-width: 480px) 150px\" src=\"https:\/\/katamaran-sonea.de\/wp-content\/uploads\/2024\/11\/Screenshot-2024-11-24-105910.jpg\" alt=\"Gutschein \" class=\"uag-image-1465\" width=\"665\" height=\"664\" title=\"Gutschein\" loading=\"lazy\" role=\"img\"\/><\/figure><\/div>\n<\/div><\/div>\n\n\n\n<div class=\"wp-block-uagb-container uagb-layout-grid uagb-block-vi74qaz3 alignfull uagb-is-root-container\"><div class=\"uagb-container-inner-blocks-wrap\">\n<div class=\"wp-block-uagb-container uagb-block-g50a6gmd\">\n<div class=\"wp-block-uagb-info-box uagb-block-oeuy0rlp uagb-infobox__content-wrap  uagb-infobox-icon-above-title uagb-infobox-image-valign-top\"><div class=\"uagb-ifb-content\"><div class=\"uagb-ifb-title-wrap\"><p class=\"uagb-ifb-title\">Offizielle Partner:<\/p><\/div><p class=\"uagb-ifb-desc\"> <\/p><\/div><\/div>\n<\/div>\n\n\n\n<div class=\"wp-block-uagb-container uagb-block-c860c01f\">\n<div class=\"wp-block-uagb-image aligncenter uagb-block-ee0e78e5 wp-block-uagb-image--layout-default wp-block-uagb-image--effect-static wp-block-uagb-image--align-center\"><figure class=\"wp-block-uagb-image__figure\"><a class=\"\" href=\"https:\/\/www.gm-sailing.com\/\" target=\"\" rel=\"noopener\"><img decoding=\"async\" srcset=\"https:\/\/katamaran-sonea.de\/wp-content\/uploads\/2024\/12\/Logodaten-neu2-300x139.png ,https:\/\/katamaran-sonea.de\/wp-content\/uploads\/2024\/12\/Logodaten-neu2.png 780w, https:\/\/katamaran-sonea.de\/wp-content\/uploads\/2024\/12\/Logodaten-neu2.png 360w\" sizes=\"auto, (max-width: 480px) 150px\" src=\"https:\/\/katamaran-sonea.de\/wp-content\/uploads\/2024\/12\/Logodaten-neu2-300x139.png\" alt=\"gm-sailing logo\" class=\"uag-image-1572\" width=\"150\" height=\"43\" title=\"gm-sailing logo\" loading=\"lazy\" role=\"img\"\/><\/a><\/figure><\/div>\n\n\n\n<div class=\"wp-block-uagb-info-box uagb-block-af8c7389 uagb-infobox__content-wrap  uagb-infobox-icon-above-title uagb-infobox-image-valign-top\"><div class=\"uagb-ifb-content\"><div class=\"uagb-ifb-title-wrap\"><p class=\"uagb-ifb-title\">Wieser Sailing<\/p><\/div><p class=\"uagb-ifb-desc\">Segelschule<\/p><\/div><\/div>\n<\/div>\n\n\n\n<div class=\"wp-block-uagb-container uagb-block-spoct25f\">\n<div class=\"wp-block-uagb-image aligncenter uagb-block-fbc154a0 wp-block-uagb-image--layout-default wp-block-uagb-image--effect-static wp-block-uagb-image--align-center\"><figure class=\"wp-block-uagb-image__figure\"><a class=\"\" href=\"https:\/\/www.my-sailturn.com\/\" target=\"\" rel=\"noopener\"><img decoding=\"async\" srcset=\"https:\/\/katamaran-sonea.de\/wp-content\/uploads\/2024\/11\/sailturn_nur_logo-1024x847.jpg ,https:\/\/katamaran-sonea.de\/wp-content\/uploads\/2024\/11\/sailturn_nur_logo.jpg 780w, https:\/\/katamaran-sonea.de\/wp-content\/uploads\/2024\/11\/sailturn_nur_logo.jpg 360w\" sizes=\"auto, (max-width: 480px) 150px\" src=\"https:\/\/katamaran-sonea.de\/wp-content\/uploads\/2024\/11\/sailturn_nur_logo-1024x847.jpg\" alt=\"\" class=\"uag-image-1411\" width=\"61\" height=\"50\" title=\"sailturn_nur_logo\" loading=\"lazy\" role=\"img\"\/><\/a><\/figure><\/div>\n\n\n\n<div class=\"wp-block-uagb-info-box uagb-block-ihgoskup uagb-infobox__content-wrap  uagb-infobox-icon-above-title uagb-infobox-image-valign-top\"><div class=\"uagb-ifb-content\"><div class=\"uagb-ifb-title-wrap\"><p class=\"uagb-ifb-title\">My Sailturn<\/p><\/div><p class=\"uagb-ifb-desc\">Reiseb\u00fcro<\/p><\/div><\/div>\n<\/div>\n\n\n\n<div class=\"wp-block-uagb-container uagb-block-ndyyhjbi\">\n<div class=\"wp-block-uagb-image aligncenter uagb-block-iwotrqeo wp-block-uagb-image--layout-default wp-block-uagb-image--effect-static wp-block-uagb-image--align-center\"><figure class=\"wp-block-uagb-image__figure\"><a class=\"\" href=\"https:\/\/sibyer-charter.com\/\" target=\"\" rel=\"noopener\"><img decoding=\"async\" srcset=\"https:\/\/katamaran-sonea.de\/wp-content\/uploads\/2025\/02\/Unbenannt-2.png ,https:\/\/katamaran-sonea.de\/wp-content\/uploads\/2025\/02\/Unbenannt-2.png 780w, https:\/\/katamaran-sonea.de\/wp-content\/uploads\/2025\/02\/Unbenannt-2.png 360w\" sizes=\"auto, (max-width: 480px) 150px\" src=\"https:\/\/katamaran-sonea.de\/wp-content\/uploads\/2025\/02\/Unbenannt-2.png\" alt=\"\" class=\"uag-image-1972\" width=\"105\" height=\"57\" title=\"Unbenannt-2\" loading=\"lazy\" role=\"img\"\/><\/a><\/figure><\/div>\n\n\n\n<div class=\"wp-block-uagb-info-box uagb-block-3591c6ca uagb-infobox__content-wrap  uagb-infobox-icon-above-title uagb-infobox-image-valign-top\"><div class=\"uagb-ifb-content\"><div class=\"uagb-ifb-title-wrap\"><p class=\"uagb-ifb-title\">SIByER<\/p><\/div><p class=\"uagb-ifb-desc\">Segelreisen<\/p><\/div><\/div>\n<\/div>\n<\/div><\/div>\n\n\n\n<div class=\"wp-block-uagb-container uagb-layout-grid uagb-block-6433451c alignfull uagb-is-root-container\"><div class=\"uagb-container-inner-blocks-wrap\">\n<div class=\"wp-block-uagb-container uagb-block-43a1ff76\"><\/div>\n\n\n\n<div class=\"wp-block-uagb-container uagb-block-16cf63f8\">\n<a href=\"https:\/\/booking-manager.com\/en\/silver-partner-details\/p\/partnerid-7912\/Sonea%20Catamaran%20Charter.html\"><img decoding=\"async\" border=\"0\" title=\"Booking Manager Silver Partner\" src=\"https:\/\/booking-manager.com\/resources\/silver-partner\/sp_7912.png\"width=\"150\" ><\/a>\n<\/div>\n\n\n\n<div class=\"wp-block-uagb-container uagb-block-a1b8d714\"><\/div>\n\n\n\n<div class=\"wp-block-uagb-container uagb-block-ec35b0ac\"><\/div>\n<\/div><\/div>\n","protected":false},"excerpt":{"rendered":"<p>Gutschein Verschenke ein St\u00fcck Meer Verschenke unvergessliche Erlebnisse mit einem Gutschein f\u00fcr eine Reise mit garantiertem Meerblick! \ud83c\udf0a\u2728 Du suchst nach einem besonderen Geschenk, das wirklich au\u00dfergew\u00f6hnlich ist? Ein Gutschein f\u00fcr eine Segelreise oder das Chartern einer Yacht ist die perfekte Wahl f\u00fcr alle, die das Meer lieben, Abenteuer erleben oder einfach nur die Seele [&hellip;]<\/p>\n","protected":false},"author":1,"featured_media":0,"parent":0,"menu_order":0,"comment_status":"closed","ping_status":"closed","template":"","meta":{"_uag_custom_page_level_css":"","site-sidebar-layout":"no-sidebar","site-content-layout":"plain-container","ast-site-content-layout":"full-width-container","site-content-style":"unboxed","site-sidebar-style":"unboxed","ast-global-header-display":"","ast-banner-title-visibility":"","ast-main-header-display":"","ast-hfb-above-header-display":"","ast-hfb-below-header-display":"","ast-hfb-mobile-header-display":"","site-post-title":"disabled","ast-breadcrumbs-content":"","ast-featured-img":"disabled","footer-sml-layout":"","theme-transparent-header-meta":"enabled","adv-header-id-meta":"","stick-header-meta":"","header-above-stick-meta":"","header-main-stick-meta":"","header-below-stick-meta":"","astra-migrate-meta-layouts":"set","ast-page-background-enabled":"default","ast-page-background-meta":{"desktop":{"background-color":"","background-image":"","background-repeat":"repeat","background-position":"center center","background-size":"auto","background-attachment":"scroll","background-type":"","background-media":"","overlay-type":"","overlay-color":"","overlay-opacity":"","overlay-gradient":""},"tablet":{"background-color":"","background-image":"","background-repeat":"repeat","background-position":"center center","background-size":"auto","background-attachment":"scroll","background-type":"","background-media":"","overlay-type":"","overlay-color":"","overlay-opacity":"","overlay-gradient":""},"mobile":{"background-color":"","background-image":"","background-repeat":"repeat","background-position":"center center","background-size":"auto","background-attachment":"scroll","background-type":"","background-media":"","overlay-type":"","overlay-color":"","overlay-opacity":"","overlay-gradient":""}},"ast-content-background-meta":{"desktop":{"background-color":"var(--ast-global-color-5)","background-image":"","background-repeat":"repeat","background-position":"center center","background-size":"auto","background-attachment":"scroll","background-type":"","background-media":"","overlay-type":"","overlay-color":"","overlay-opacity":"","overlay-gradient":""},"tablet":{"background-color":"var(--ast-global-color-5)","background-image":"","background-repeat":"repeat","background-position":"center center","background-size":"auto","background-attachment":"scroll","background-type":"","background-media":"","overlay-type":"","overlay-color":"","overlay-opacity":"","overlay-gradient":""},"mobile":{"background-color":"var(--ast-global-color-5)","background-image":"","background-repeat":"repeat","background-position":"center center","background-size":"auto","background-attachment":"scroll","background-type":"","background-media":"","overlay-type":"","overlay-color":"","overlay-opacity":"","overlay-gradient":""}},"footnotes":""},"class_list":["post-1265","page","type-page","status-publish","hentry"],"yoast_head":"<!-- This site is optimized with the Yoast SEO plugin v25.7 - https:\/\/yoast.com\/wordpress\/plugins\/seo\/ -->\n<title>Gutschein<\/title>\n<meta name=\"description\" content=\"Verschenke unvergessliche Erlebnisse mit einem Gutschein \u2013 inklusive garantiertem 7-t\u00e4gigem Meerblick und purem Urlaubsgenuss!\" \/>\n<meta name=\"robots\" content=\"index, follow, max-snippet:-1, max-image-preview:large, max-video-preview:-1\" \/>\n<link rel=\"canonical\" href=\"https:\/\/katamaran-sonea.de\/de\/gutschein\/\" \/>\n<meta property=\"og:locale\" content=\"de_DE\" \/>\n<meta property=\"og:type\" content=\"article\" \/>\n<meta property=\"og:title\" content=\"Gutschein\" \/>\n<meta property=\"og:description\" content=\"Verschenke unvergessliche Erlebnisse mit einem Gutschein \u2013 inklusive garantiertem 7-t\u00e4gigem Meerblick und purem Urlaubsgenuss!\" \/>\n<meta property=\"og:url\" content=\"https:\/\/katamaran-sonea.de\/de\/gutschein\/\" \/>\n<meta property=\"og:site_name\" content=\"sonea\" \/>\n<meta property=\"article:modified_time\" content=\"2025-12-22T09:42:05+00:00\" \/>\n<meta property=\"og:image\" content=\"https:\/\/katamaran-sonea.de\/wp-content\/uploads\/2024\/11\/Screenshot-2024-11-24-105910.jpg\" \/>\n<meta name=\"twitter:card\" content=\"summary_large_image\" \/>\n<meta name=\"twitter:label1\" content=\"Gesch\u00e4tzte Lesezeit\" \/>\n\t<meta name=\"twitter:data1\" content=\"3 Minuten\" \/>\n<script type=\"application\/ld+json\" class=\"yoast-schema-graph\">{\"@context\":\"https:\/\/schema.org\",\"@graph\":[{\"@type\":\"WebPage\",\"@id\":\"https:\/\/katamaran-sonea.de\/gutschein\/\",\"url\":\"https:\/\/katamaran-sonea.de\/gutschein\/\",\"name\":\"Gutschein\",\"isPartOf\":{\"@id\":\"https:\/\/katamaran-sonea.de\/#website\"},\"primaryImageOfPage\":{\"@id\":\"https:\/\/katamaran-sonea.de\/gutschein\/#primaryimage\"},\"image\":{\"@id\":\"https:\/\/katamaran-sonea.de\/gutschein\/#primaryimage\"},\"thumbnailUrl\":\"https:\/\/katamaran-sonea.de\/wp-content\/uploads\/2024\/11\/Screenshot-2024-11-24-105910.jpg\",\"datePublished\":\"2024-11-02T14:00:07+00:00\",\"dateModified\":\"2025-12-22T09:42:05+00:00\",\"description\":\"Verschenke unvergessliche Erlebnisse mit einem Gutschein \u2013 inklusive garantiertem 7-t\u00e4gigem Meerblick und purem Urlaubsgenuss!\",\"breadcrumb\":{\"@id\":\"https:\/\/katamaran-sonea.de\/gutschein\/#breadcrumb\"},\"inLanguage\":\"de-AT\",\"potentialAction\":[{\"@type\":\"ReadAction\",\"target\":[\"https:\/\/katamaran-sonea.de\/gutschein\/\"]}]},{\"@type\":\"ImageObject\",\"inLanguage\":\"de-AT\",\"@id\":\"https:\/\/katamaran-sonea.de\/gutschein\/#primaryimage\",\"url\":\"https:\/\/katamaran-sonea.de\/wp-content\/uploads\/2024\/11\/Screenshot-2024-11-24-105910.jpg\",\"contentUrl\":\"https:\/\/katamaran-sonea.de\/wp-content\/uploads\/2024\/11\/Screenshot-2024-11-24-105910.jpg\"},{\"@type\":\"BreadcrumbList\",\"@id\":\"https:\/\/katamaran-sonea.de\/gutschein\/#breadcrumb\",\"itemListElement\":[{\"@type\":\"ListItem\",\"position\":1,\"name\":\"Startseite\",\"item\":\"https:\/\/katamaran-sonea.de\/\"},{\"@type\":\"ListItem\",\"position\":2,\"name\":\"Gutschein\"}]},{\"@type\":\"WebSite\",\"@id\":\"https:\/\/katamaran-sonea.de\/#website\",\"url\":\"https:\/\/katamaran-sonea.de\/\",\"name\":\"Sonea\",\"description\":\"\",\"publisher\":{\"@id\":\"https:\/\/katamaran-sonea.de\/#organization\"},\"potentialAction\":[{\"@type\":\"SearchAction\",\"target\":{\"@type\":\"EntryPoint\",\"urlTemplate\":\"https:\/\/katamaran-sonea.de\/?s={search_term_string}\"},\"query-input\":{\"@type\":\"PropertyValueSpecification\",\"valueRequired\":true,\"valueName\":\"search_term_string\"}}],\"inLanguage\":\"de-AT\"},{\"@type\":\"Organization\",\"@id\":\"https:\/\/katamaran-sonea.de\/#organization\",\"name\":\"Sonea\",\"url\":\"https:\/\/katamaran-sonea.de\/\",\"logo\":{\"@type\":\"ImageObject\",\"inLanguage\":\"de-AT\",\"@id\":\"https:\/\/katamaran-sonea.de\/#\/schema\/logo\/image\/\",\"url\":\"https:\/\/katamaran-sonea.de\/wp-content\/uploads\/2025\/03\/SONEA-Logo_einzeilig_weisse-Segel_Sub-black_final.svg\",\"contentUrl\":\"https:\/\/katamaran-sonea.de\/wp-content\/uploads\/2025\/03\/SONEA-Logo_einzeilig_weisse-Segel_Sub-black_final.svg\",\"caption\":\"Sonea\"},\"image\":{\"@id\":\"https:\/\/katamaran-sonea.de\/#\/schema\/logo\/image\/\"},\"sameAs\":[\"https:\/\/www.instagram.com\/mysailturn\/\"]}]}<\/script>\n<!-- \/ Yoast SEO plugin. -->","yoast_head_json":{"title":"Gutschein","description":"Verschenke unvergessliche Erlebnisse mit einem Gutschein \u2013 inklusive garantiertem 7-t\u00e4gigem Meerblick und purem Urlaubsgenuss!","robots":{"index":"index","follow":"follow","max-snippet":"max-snippet:-1","max-image-preview":"max-image-preview:large","max-video-preview":"max-video-preview:-1"},"canonical":"https:\/\/katamaran-sonea.de\/de\/gutschein\/","og_locale":"de_DE","og_type":"article","og_title":"Gutschein","og_description":"Verschenke unvergessliche Erlebnisse mit einem Gutschein \u2013 inklusive garantiertem 7-t\u00e4gigem Meerblick und purem Urlaubsgenuss!","og_url":"https:\/\/katamaran-sonea.de\/de\/gutschein\/","og_site_name":"sonea","article_modified_time":"2025-12-22T09:42:05+00:00","og_image":[{"url":"https:\/\/katamaran-sonea.de\/wp-content\/uploads\/2024\/11\/Screenshot-2024-11-24-105910.jpg","type":"","width":"","height":""}],"twitter_card":"summary_large_image","twitter_misc":{"Gesch\u00e4tzte Lesezeit":"3 Minuten"},"schema":{"@context":"https:\/\/schema.org","@graph":[{"@type":"WebPage","@id":"https:\/\/katamaran-sonea.de\/gutschein\/","url":"https:\/\/katamaran-sonea.de\/gutschein\/","name":"Gutschein","isPartOf":{"@id":"https:\/\/katamaran-sonea.de\/#website"},"primaryImageOfPage":{"@id":"https:\/\/katamaran-sonea.de\/gutschein\/#primaryimage"},"image":{"@id":"https:\/\/katamaran-sonea.de\/gutschein\/#primaryimage"},"thumbnailUrl":"https:\/\/katamaran-sonea.de\/wp-content\/uploads\/2024\/11\/Screenshot-2024-11-24-105910.jpg","datePublished":"2024-11-02T14:00:07+00:00","dateModified":"2025-12-22T09:42:05+00:00","description":"Verschenke unvergessliche Erlebnisse mit einem Gutschein \u2013 inklusive garantiertem 7-t\u00e4gigem Meerblick und purem Urlaubsgenuss!","breadcrumb":{"@id":"https:\/\/katamaran-sonea.de\/gutschein\/#breadcrumb"},"inLanguage":"de-AT","potentialAction":[{"@type":"ReadAction","target":["https:\/\/katamaran-sonea.de\/gutschein\/"]}]},{"@type":"ImageObject","inLanguage":"de-AT","@id":"https:\/\/katamaran-sonea.de\/gutschein\/#primaryimage","url":"https:\/\/katamaran-sonea.de\/wp-content\/uploads\/2024\/11\/Screenshot-2024-11-24-105910.jpg","contentUrl":"https:\/\/katamaran-sonea.de\/wp-content\/uploads\/2024\/11\/Screenshot-2024-11-24-105910.jpg"},{"@type":"BreadcrumbList","@id":"https:\/\/katamaran-sonea.de\/gutschein\/#breadcrumb","itemListElement":[{"@type":"ListItem","position":1,"name":"Startseite","item":"https:\/\/katamaran-sonea.de\/"},{"@type":"ListItem","position":2,"name":"Gutschein"}]},{"@type":"WebSite","@id":"https:\/\/katamaran-sonea.de\/#website","url":"https:\/\/katamaran-sonea.de\/","name":"Sonea","description":"","publisher":{"@id":"https:\/\/katamaran-sonea.de\/#organization"},"potentialAction":[{"@type":"SearchAction","target":{"@type":"EntryPoint","urlTemplate":"https:\/\/katamaran-sonea.de\/?s={search_term_string}"},"query-input":{"@type":"PropertyValueSpecification","valueRequired":true,"valueName":"search_term_string"}}],"inLanguage":"de-AT"},{"@type":"Organization","@id":"https:\/\/katamaran-sonea.de\/#organization","name":"Sonea","url":"https:\/\/katamaran-sonea.de\/","logo":{"@type":"ImageObject","inLanguage":"de-AT","@id":"https:\/\/katamaran-sonea.de\/#\/schema\/logo\/image\/","url":"https:\/\/katamaran-sonea.de\/wp-content\/uploads\/2025\/03\/SONEA-Logo_einzeilig_weisse-Segel_Sub-black_final.svg","contentUrl":"https:\/\/katamaran-sonea.de\/wp-content\/uploads\/2025\/03\/SONEA-Logo_einzeilig_weisse-Segel_Sub-black_final.svg","caption":"Sonea"},"image":{"@id":"https:\/\/katamaran-sonea.de\/#\/schema\/logo\/image\/"},"sameAs":["https:\/\/www.instagram.com\/mysailturn\/"]}]}},"uagb_featured_image_src":{"full":false,"thumbnail":false,"medium":false,"medium_large":false,"large":false,"1536x1536":false,"2048x2048":false,"trp-custom-language-flag":false},"uagb_author_info":{"display_name":"Andreas","author_link":"https:\/\/katamaran-sonea.de\/de\/author\/andreas\/"},"uagb_comment_info":0,"uagb_excerpt":"Gutschein Verschenke ein St\u00fcck Meer Verschenke unvergessliche Erlebnisse mit einem Gutschein f\u00fcr eine Reise mit garantiertem Meerblick! \ud83c\udf0a\u2728 Du suchst nach einem besonderen Geschenk, das wirklich au\u00dfergew\u00f6hnlich ist? Ein Gutschein f\u00fcr eine Segelreise oder das Chartern einer Yacht ist die perfekte Wahl f\u00fcr alle, die das Meer lieben, Abenteuer erleben oder einfach nur die Seele&hellip;","_links":{"self":[{"href":"https:\/\/katamaran-sonea.de\/de\/wp-json\/wp\/v2\/pages\/1265","targetHints":{"allow":["GET"]}}],"collection":[{"href":"https:\/\/katamaran-sonea.de\/de\/wp-json\/wp\/v2\/pages"}],"about":[{"href":"https:\/\/katamaran-sonea.de\/de\/wp-json\/wp\/v2\/types\/page"}],"author":[{"embeddable":true,"href":"https:\/\/katamaran-sonea.de\/de\/wp-json\/wp\/v2\/users\/1"}],"replies":[{"embeddable":true,"href":"https:\/\/katamaran-sonea.de\/de\/wp-json\/wp\/v2\/comments?post=1265"}],"version-history":[{"count":24,"href":"https:\/\/katamaran-sonea.de\/de\/wp-json\/wp\/v2\/pages\/1265\/revisions"}],"predecessor-version":[{"id":2441,"href":"https:\/\/katamaran-sonea.de\/de\/wp-json\/wp\/v2\/pages\/1265\/revisions\/2441"}],"wp:attachment":[{"href":"https:\/\/katamaran-sonea.de\/de\/wp-json\/wp\/v2\/media?parent=1265"}],"curies":[{"name":"wp","href":"https:\/\/api.w.org\/{rel}","templated":true}]}}