{"id":1626,"date":"2025-01-03T07:39:38","date_gmt":"2025-01-03T07:39:38","guid":{"rendered":"https:\/\/katamaran-sonea.de\/?page_id=1626"},"modified":"2025-01-03T12:25:27","modified_gmt":"2025-01-03T12:25:27","slug":"impressum","status":"publish","type":"page","link":"https:\/\/katamaran-sonea.de\/de\/impressum\/","title":{"rendered":"Impressum"},"content":{"rendered":"\n<div class=\"wp-block-uagb-container uagb-block-25efe059 alignfull uagb-is-root-container\"><div class=\"uagb-container-inner-blocks-wrap\">\n<div class=\"wp-block-uagb-advanced-heading uagb-block-152b2cf8\"><h1 class=\"uagb-heading-text\">Impressum<\/h1><\/div>\n<\/div><\/div>\n\n\n\n<div class=\"wp-block-uagb-container uagb-block-27eee0f3 alignfull uagb-is-root-container\"><div class=\"uagb-container-inner-blocks-wrap\">\n<p class=\"has-text-align-center\">My Sailturn e.U.<br>Andreas Obermayer<br>Johann Strau\u00df Gasse 5,<br>2136 Laa an der Thaya,<br>Austria<br>Unternehmensgegenstand: Reiseb\u00fcro<br>UID-Nummer: ATU77060706<br>Firmenbuchgericht: Korneuburg<br>Firmensitz: A-2136 Laa an der Thaya<br>Firmenbuchnummer: 574289v<br>Tel.: 0043 677 64050155<br>E-Mail: office@my-sailturn.com<br>Mitglied bei: WKO, Landesinnung, etc.<br>Berufsrecht: Gewerbeordnung: www.ris.bka.gv.at<br>Aufsichtsbeh\u00f6rde\/Gewerbebeh\u00f6rde: Bezirkshauptmannschaft Mistelbach<br>Berufsbezeichnung: Reiseb\u00fcro<br>Verleihungsstaat: \u00d6sterreich<\/p>\n<\/div><\/div>\n","protected":false},"excerpt":{"rendered":"<p>Impressum My Sailturn e.U.Andreas ObermayerJohann Strau\u00df Gasse 5,2136 Laa an der Thaya,AustriaUnternehmensgegenstand: Reiseb\u00fcroUID-Nummer: ATU77060706Firmenbuchgericht: KorneuburgFirmensitz: A-2136 Laa an der ThayaFirmenbuchnummer: 574289vTel.: 0043 677 64050155E-Mail: office@my-sailturn.comMitglied bei: WKO, Landesinnung, etc.Berufsrecht: Gewerbeordnung: www.ris.bka.gv.atAufsichtsbeh\u00f6rde\/Gewerbebeh\u00f6rde: Bezirkshauptmannschaft MistelbachBerufsbezeichnung: Reiseb\u00fcroVerleihungsstaat: \u00d6sterreich<\/p>\n","protected":false},"author":1,"featured_media":0,"parent":0,"menu_order":0,"comment_status":"closed","ping_status":"closed","template":"","meta":{"_uag_custom_page_level_css":"","site-sidebar-layout":"no-sidebar","site-content-layout":"plain-container","ast-site-content-layout":"full-width-container","site-content-style":"unboxed","site-sidebar-style":"unboxed","ast-global-header-display":"","ast-banner-title-visibility":"","ast-main-header-display":"","ast-hfb-above-header-display":"","ast-hfb-below-header-display":"","ast-hfb-mobile-header-display":"","site-post-title":"disabled","ast-breadcrumbs-content":"","ast-featured-img":"","footer-sml-layout":"","theme-transparent-header-meta":"enabled","adv-header-id-meta":"","stick-header-meta":"","header-above-stick-meta":"","header-main-stick-meta":"","header-below-stick-meta":"","astra-migrate-meta-layouts":"set","ast-page-background-enabled":"default","ast-page-background-meta":{"desktop":{"background-color":"","background-image":"","background-repeat":"repeat","background-position":"center center","background-size":"auto","background-attachment":"scroll","background-type":"","background-media":"","overlay-type":"","overlay-color":"","overlay-opacity":"","overlay-gradient":""},"tablet":{"background-color":"","background-image":"","background-repeat":"repeat","background-position":"center center","background-size":"auto","background-attachment":"scroll","background-type":"","background-media":"","overlay-type":"","overlay-color":"","overlay-opacity":"","overlay-gradient":""},"mobile":{"background-color":"","background-image":"","background-repeat":"repeat","background-position":"center center","background-size":"auto","background-attachment":"scroll","background-type":"","background-media":"","overlay-type":"","overlay-color":"","overlay-opacity":"","overlay-gradient":""}},"ast-content-background-meta":{"desktop":{"background-color":"var(--ast-global-color-5)","background-image":"","background-repeat":"repeat","background-position":"center center","background-size":"auto","background-attachment":"scroll","background-type":"","background-media":"","overlay-type":"","overlay-color":"","overlay-opacity":"","overlay-gradient":""},"tablet":{"background-color":"var(--ast-global-color-5)","background-image":"","background-repeat":"repeat","background-position":"center center","background-size":"auto","background-attachment":"scroll","background-type":"","background-media":"","overlay-type":"","overlay-color":"","overlay-opacity":"","overlay-gradient":""},"mobile":{"background-color":"var(--ast-global-color-5)","background-image":"","background-repeat":"repeat","background-position":"center center","background-size":"auto","background-attachment":"scroll","background-type":"","background-media":"","overlay-type":"","overlay-color":"","overlay-opacity":"","overlay-gradient":""}},"footnotes":""},"class_list":["post-1626","page","type-page","status-publish","hentry"],"yoast_head":"<!-- This site is optimized with the Yoast SEO plugin v25.7 - https:\/\/yoast.com\/wordpress\/plugins\/seo\/ -->\n<title>Impressum - sonea<\/title>\n<meta name=\"robots\" content=\"index, follow, max-snippet:-1, max-image-preview:large, max-video-preview:-1\" \/>\n<link rel=\"canonical\" href=\"https:\/\/katamaran-sonea.de\/de\/impressum\/\" \/>\n<meta property=\"og:locale\" content=\"de_DE\" \/>\n<meta property=\"og:type\" content=\"article\" \/>\n<meta property=\"og:title\" content=\"Impressum - sonea\" \/>\n<meta property=\"og:description\" content=\"Impressum My Sailturn e.U.Andreas ObermayerJohann Strau\u00df Gasse 5,2136 Laa an der Thaya,AustriaUnternehmensgegenstand: Reiseb\u00fcroUID-Nummer: ATU77060706Firmenbuchgericht: KorneuburgFirmensitz: A-2136 Laa an der ThayaFirmenbuchnummer: 574289vTel.: 0043 677 64050155E-Mail: office@my-sailturn.comMitglied bei: WKO, Landesinnung, etc.Berufsrecht: Gewerbeordnung: www.ris.bka.gv.atAufsichtsbeh\u00f6rde\/Gewerbebeh\u00f6rde: Bezirkshauptmannschaft MistelbachBerufsbezeichnung: Reiseb\u00fcroVerleihungsstaat: \u00d6sterreich\" \/>\n<meta property=\"og:url\" content=\"https:\/\/katamaran-sonea.de\/de\/impressum\/\" \/>\n<meta property=\"og:site_name\" content=\"sonea\" \/>\n<meta property=\"article:modified_time\" content=\"2025-01-03T12:25:27+00:00\" \/>\n<meta name=\"twitter:card\" content=\"summary_large_image\" \/>\n<meta name=\"twitter:label1\" content=\"Gesch\u00e4tzte Lesezeit\" \/>\n\t<meta name=\"twitter:data1\" content=\"1 Minute\" \/>\n<script type=\"application\/ld+json\" class=\"yoast-schema-graph\">{\"@context\":\"https:\/\/schema.org\",\"@graph\":[{\"@type\":\"WebPage\",\"@id\":\"https:\/\/katamaran-sonea.de\/impressum\/\",\"url\":\"https:\/\/katamaran-sonea.de\/impressum\/\",\"name\":\"Impressum - sonea\",\"isPartOf\":{\"@id\":\"https:\/\/katamaran-sonea.de\/#website\"},\"datePublished\":\"2025-01-03T07:39:38+00:00\",\"dateModified\":\"2025-01-03T12:25:27+00:00\",\"breadcrumb\":{\"@id\":\"https:\/\/katamaran-sonea.de\/impressum\/#breadcrumb\"},\"inLanguage\":\"de-AT\",\"potentialAction\":[{\"@type\":\"ReadAction\",\"target\":[\"https:\/\/katamaran-sonea.de\/impressum\/\"]}]},{\"@type\":\"BreadcrumbList\",\"@id\":\"https:\/\/katamaran-sonea.de\/impressum\/#breadcrumb\",\"itemListElement\":[{\"@type\":\"ListItem\",\"position\":1,\"name\":\"Startseite\",\"item\":\"https:\/\/katamaran-sonea.de\/\"},{\"@type\":\"ListItem\",\"position\":2,\"name\":\"Impressum\"}]},{\"@type\":\"WebSite\",\"@id\":\"https:\/\/katamaran-sonea.de\/#website\",\"url\":\"https:\/\/katamaran-sonea.de\/\",\"name\":\"Sonea\",\"description\":\"\",\"publisher\":{\"@id\":\"https:\/\/katamaran-sonea.de\/#organization\"},\"potentialAction\":[{\"@type\":\"SearchAction\",\"target\":{\"@type\":\"EntryPoint\",\"urlTemplate\":\"https:\/\/katamaran-sonea.de\/?s={search_term_string}\"},\"query-input\":{\"@type\":\"PropertyValueSpecification\",\"valueRequired\":true,\"valueName\":\"search_term_string\"}}],\"inLanguage\":\"de-AT\"},{\"@type\":\"Organization\",\"@id\":\"https:\/\/katamaran-sonea.de\/#organization\",\"name\":\"Sonea\",\"url\":\"https:\/\/katamaran-sonea.de\/\",\"logo\":{\"@type\":\"ImageObject\",\"inLanguage\":\"de-AT\",\"@id\":\"https:\/\/katamaran-sonea.de\/#\/schema\/logo\/image\/\",\"url\":\"https:\/\/katamaran-sonea.de\/wp-content\/uploads\/2025\/03\/SONEA-Logo_einzeilig_weisse-Segel_Sub-black_final.svg\",\"contentUrl\":\"https:\/\/katamaran-sonea.de\/wp-content\/uploads\/2025\/03\/SONEA-Logo_einzeilig_weisse-Segel_Sub-black_final.svg\",\"caption\":\"Sonea\"},\"image\":{\"@id\":\"https:\/\/katamaran-sonea.de\/#\/schema\/logo\/image\/\"},\"sameAs\":[\"https:\/\/www.instagram.com\/mysailturn\/\"]}]}<\/script>\n<!-- \/ Yoast SEO plugin. -->","yoast_head_json":{"title":"Impressum - sonea","robots":{"index":"index","follow":"follow","max-snippet":"max-snippet:-1","max-image-preview":"max-image-preview:large","max-video-preview":"max-video-preview:-1"},"canonical":"https:\/\/katamaran-sonea.de\/de\/impressum\/","og_locale":"de_DE","og_type":"article","og_title":"Impressum - sonea","og_description":"Impressum My Sailturn e.U.Andreas ObermayerJohann Strau\u00df Gasse 5,2136 Laa an der Thaya,AustriaUnternehmensgegenstand: Reiseb\u00fcroUID-Nummer: ATU77060706Firmenbuchgericht: KorneuburgFirmensitz: A-2136 Laa an der ThayaFirmenbuchnummer: 574289vTel.: 0043 677 64050155E-Mail: office@my-sailturn.comMitglied bei: WKO, Landesinnung, etc.Berufsrecht: Gewerbeordnung: www.ris.bka.gv.atAufsichtsbeh\u00f6rde\/Gewerbebeh\u00f6rde: Bezirkshauptmannschaft MistelbachBerufsbezeichnung: Reiseb\u00fcroVerleihungsstaat: \u00d6sterreich","og_url":"https:\/\/katamaran-sonea.de\/de\/impressum\/","og_site_name":"sonea","article_modified_time":"2025-01-03T12:25:27+00:00","twitter_card":"summary_large_image","twitter_misc":{"Gesch\u00e4tzte Lesezeit":"1 Minute"},"schema":{"@context":"https:\/\/schema.org","@graph":[{"@type":"WebPage","@id":"https:\/\/katamaran-sonea.de\/impressum\/","url":"https:\/\/katamaran-sonea.de\/impressum\/","name":"Impressum - sonea","isPartOf":{"@id":"https:\/\/katamaran-sonea.de\/#website"},"datePublished":"2025-01-03T07:39:38+00:00","dateModified":"2025-01-03T12:25:27+00:00","breadcrumb":{"@id":"https:\/\/katamaran-sonea.de\/impressum\/#breadcrumb"},"inLanguage":"de-AT","potentialAction":[{"@type":"ReadAction","target":["https:\/\/katamaran-sonea.de\/impressum\/"]}]},{"@type":"BreadcrumbList","@id":"https:\/\/katamaran-sonea.de\/impressum\/#breadcrumb","itemListElement":[{"@type":"ListItem","position":1,"name":"Startseite","item":"https:\/\/katamaran-sonea.de\/"},{"@type":"ListItem","position":2,"name":"Impressum"}]},{"@type":"WebSite","@id":"https:\/\/katamaran-sonea.de\/#website","url":"https:\/\/katamaran-sonea.de\/","name":"Sonea","description":"","publisher":{"@id":"https:\/\/katamaran-sonea.de\/#organization"},"potentialAction":[{"@type":"SearchAction","target":{"@type":"EntryPoint","urlTemplate":"https:\/\/katamaran-sonea.de\/?s={search_term_string}"},"query-input":{"@type":"PropertyValueSpecification","valueRequired":true,"valueName":"search_term_string"}}],"inLanguage":"de-AT"},{"@type":"Organization","@id":"https:\/\/katamaran-sonea.de\/#organization","name":"Sonea","url":"https:\/\/katamaran-sonea.de\/","logo":{"@type":"ImageObject","inLanguage":"de-AT","@id":"https:\/\/katamaran-sonea.de\/#\/schema\/logo\/image\/","url":"https:\/\/katamaran-sonea.de\/wp-content\/uploads\/2025\/03\/SONEA-Logo_einzeilig_weisse-Segel_Sub-black_final.svg","contentUrl":"https:\/\/katamaran-sonea.de\/wp-content\/uploads\/2025\/03\/SONEA-Logo_einzeilig_weisse-Segel_Sub-black_final.svg","caption":"Sonea"},"image":{"@id":"https:\/\/katamaran-sonea.de\/#\/schema\/logo\/image\/"},"sameAs":["https:\/\/www.instagram.com\/mysailturn\/"]}]}},"uagb_featured_image_src":{"full":false,"thumbnail":false,"medium":false,"medium_large":false,"large":false,"1536x1536":false,"2048x2048":false,"trp-custom-language-flag":false},"uagb_author_info":{"display_name":"Andreas","author_link":"https:\/\/katamaran-sonea.de\/de\/author\/andreas\/"},"uagb_comment_info":0,"uagb_excerpt":"Impressum My Sailturn e.U.Andreas ObermayerJohann Strau\u00df Gasse 5,2136 Laa an der Thaya,AustriaUnternehmensgegenstand: Reiseb\u00fcroUID-Nummer: ATU77060706Firmenbuchgericht: KorneuburgFirmensitz: A-2136 Laa an der ThayaFirmenbuchnummer: 574289vTel.: 0043 677 64050155E-Mail: office@my-sailturn.comMitglied bei: WKO, Landesinnung, etc.Berufsrecht: Gewerbeordnung: www.ris.bka.gv.atAufsichtsbeh\u00f6rde\/Gewerbebeh\u00f6rde: Bezirkshauptmannschaft MistelbachBerufsbezeichnung: Reiseb\u00fcroVerleihungsstaat: \u00d6sterreich","_links":{"self":[{"href":"https:\/\/katamaran-sonea.de\/de\/wp-json\/wp\/v2\/pages\/1626","targetHints":{"allow":["GET"]}}],"collection":[{"href":"https:\/\/katamaran-sonea.de\/de\/wp-json\/wp\/v2\/pages"}],"about":[{"href":"https:\/\/katamaran-sonea.de\/de\/wp-json\/wp\/v2\/types\/page"}],"author":[{"embeddable":true,"href":"https:\/\/katamaran-sonea.de\/de\/wp-json\/wp\/v2\/users\/1"}],"replies":[{"embeddable":true,"href":"https:\/\/katamaran-sonea.de\/de\/wp-json\/wp\/v2\/comments?post=1626"}],"version-history":[{"count":2,"href":"https:\/\/katamaran-sonea.de\/de\/wp-json\/wp\/v2\/pages\/1626\/revisions"}],"predecessor-version":[{"id":1628,"href":"https:\/\/katamaran-sonea.de\/de\/wp-json\/wp\/v2\/pages\/1626\/revisions\/1628"}],"wp:attachment":[{"href":"https:\/\/katamaran-sonea.de\/de\/wp-json\/wp\/v2\/media?parent=1626"}],"curies":[{"name":"wp","href":"https:\/\/api.w.org\/{rel}","templated":true}]}}